{"id":2540,"date":"2021-07-01T21:12:02","date_gmt":"2021-07-02T00:12:02","guid":{"rendered":"https:\/\/dentalnewsbrasil.com.br\/proform\/?page_id=2540"},"modified":"2021-07-01T21:15:09","modified_gmt":"2021-07-02T00:15:09","slug":"blog","status":"publish","type":"page","link":"https:\/\/dentalnewsbrasil.com.br\/proform\/clientes\/blog\/","title":{"rendered":"Blog"},"content":{"rendered":"\t\t<div data-elementor-type=\"wp-page\" data-elementor-id=\"2540\" class=\"elementor elementor-2540\">\n\t\t\t\t\t\t<section class=\"elementor-section elementor-top-section elementor-element elementor-element-37c9ba7 elementor-section-stretched elementor-section-boxed elementor-section-height-default elementor-section-height-default\" data-id=\"37c9ba7\" data-element_type=\"section\" data-e-type=\"section\" data-settings=\"{&quot;stretch_section&quot;:&quot;section-stretched&quot;,&quot;background_background&quot;:&quot;classic&quot;}\">\n\t\t\t\t\t\t<div class=\"elementor-container elementor-column-gap-default\">\n\t\t\t\t\t<div class=\"elementor-column elementor-col-100 elementor-top-column elementor-element elementor-element-efc70fa\" data-id=\"efc70fa\" data-element_type=\"column\" data-e-type=\"column\">\n\t\t\t<div class=\"elementor-widget-wrap elementor-element-populated\">\n\t\t\t\t\t\t<div class=\"elementor-element elementor-element-3af4561 elementor-grid-2 elementor-grid-tablet-2 elementor-grid-mobile-1 elementor-posts--thumbnail-top elementor-card-shadow-yes elementor-posts__hover-gradient elementor-widget elementor-widget-posts\" data-id=\"3af4561\" data-element_type=\"widget\" data-e-type=\"widget\" data-settings=\"{&quot;cards_columns&quot;:&quot;2&quot;,&quot;cards_columns_tablet&quot;:&quot;2&quot;,&quot;cards_columns_mobile&quot;:&quot;1&quot;,&quot;cards_row_gap&quot;:{&quot;unit&quot;:&quot;px&quot;,&quot;size&quot;:35,&quot;sizes&quot;:[]},&quot;cards_row_gap_tablet&quot;:{&quot;unit&quot;:&quot;px&quot;,&quot;size&quot;:&quot;&quot;,&quot;sizes&quot;:[]},&quot;cards_row_gap_mobile&quot;:{&quot;unit&quot;:&quot;px&quot;,&quot;size&quot;:&quot;&quot;,&quot;sizes&quot;:[]}}\" data-widget_type=\"posts.cards\">\n\t\t\t\t<div class=\"elementor-widget-container\">\n\t\t\t\t\t\t\t<div class=\"elementor-posts-container elementor-posts elementor-posts--skin-cards elementor-grid\">\n\t\t\t\t<article class=\"elementor-post elementor-grid-item post-2538 post type-post status-publish format-standard has-post-thumbnail hentry category-blog-cliente\">\n\t\t\t<div class=\"elementor-post__card\">\n\t\t\t\t<a class=\"elementor-post__thumbnail__link\" href=\"https:\/\/dentalnewsbrasil.com.br\/proform\/blog-cliente\/protetores-bucais-personalizados\/\" ><div class=\"elementor-post__thumbnail\"><img fetchpriority=\"high\" decoding=\"async\" width=\"400\" height=\"205\" src=\"https:\/\/dentalnewsbrasil.com.br\/proform\/wp-content\/uploads\/2021\/05\/rainbown-400x205.png\" class=\"attachment-medium size-medium wp-image-1668\" alt=\"\" srcset=\"https:\/\/dentalnewsbrasil.com.br\/proform\/wp-content\/uploads\/2021\/05\/rainbown-400x205.png 400w, https:\/\/dentalnewsbrasil.com.br\/proform\/wp-content\/uploads\/2021\/05\/rainbown-1024x525.png 1024w, https:\/\/dentalnewsbrasil.com.br\/proform\/wp-content\/uploads\/2021\/05\/rainbown-768x393.png 768w, https:\/\/dentalnewsbrasil.com.br\/proform\/wp-content\/uploads\/2021\/05\/rainbown.png 1097w\" sizes=\"(max-width: 400px) 100vw, 400px\" \/><\/div><\/a>\n\t\t\t\t<div class=\"elementor-post__text\">\n\t\t\t\t<h3 class=\"elementor-post__title\">\n\t\t\t<a href=\"https:\/\/dentalnewsbrasil.com.br\/proform\/blog-cliente\/protetores-bucais-personalizados\/\" >\n\t\t\t\tProtetores bucais personalizados\t\t\t<\/a>\n\t\t<\/h3>\n\t\t\t\t<div class=\"elementor-post__excerpt\">\n\t\t\t<p>Escolha a cor e o desenho que mais combina com voc\u00ea. S\u00e3o mais de 200 combina\u00e7\u00f5es de cores, que podem ser utilizadas isoladamente ou combinadas<\/p>\n\t\t<\/div>\n\t\t\t\t<\/div>\n\t\t\t\t<div class=\"elementor-post__meta-data\">\n\t\t\t\t\t<span class=\"elementor-post-date\">\n\t\t\t1 de julho de 2021\t\t<\/span>\n\t\t\t\t<\/div>\n\t\t\t\t\t<\/div>\n\t\t<\/article>\n\t\t\t\t<article class=\"elementor-post elementor-grid-item post-2536 post type-post status-publish format-standard has-post-thumbnail hentry category-blog-cliente\">\n\t\t\t<div class=\"elementor-post__card\">\n\t\t\t\t<a class=\"elementor-post__thumbnail__link\" href=\"https:\/\/dentalnewsbrasil.com.br\/proform\/blog-cliente\/todos-os-protetores-bucais-profissionais-sao-iguais-nao\/\" ><div class=\"elementor-post__thumbnail\"><img decoding=\"async\" width=\"400\" height=\"267\" src=\"https:\/\/dentalnewsbrasil.com.br\/proform\/wp-content\/uploads\/2021\/07\/plastic-C5PNXY6-400x267.jpg\" class=\"attachment-medium size-medium wp-image-2553\" alt=\"\" srcset=\"https:\/\/dentalnewsbrasil.com.br\/proform\/wp-content\/uploads\/2021\/07\/plastic-C5PNXY6-400x267.jpg 400w, https:\/\/dentalnewsbrasil.com.br\/proform\/wp-content\/uploads\/2021\/07\/plastic-C5PNXY6-1024x683.jpg 1024w, https:\/\/dentalnewsbrasil.com.br\/proform\/wp-content\/uploads\/2021\/07\/plastic-C5PNXY6-768x512.jpg 768w, https:\/\/dentalnewsbrasil.com.br\/proform\/wp-content\/uploads\/2021\/07\/plastic-C5PNXY6-1536x1024.jpg 1536w, https:\/\/dentalnewsbrasil.com.br\/proform\/wp-content\/uploads\/2021\/07\/plastic-C5PNXY6-2048x1365.jpg 2048w, https:\/\/dentalnewsbrasil.com.br\/proform\/wp-content\/uploads\/2021\/07\/plastic-C5PNXY6-scaled.jpg 2000w\" sizes=\"(max-width: 400px) 100vw, 400px\" \/><\/div><\/a>\n\t\t\t\t<div class=\"elementor-post__text\">\n\t\t\t\t<h3 class=\"elementor-post__title\">\n\t\t\t<a href=\"https:\/\/dentalnewsbrasil.com.br\/proform\/blog-cliente\/todos-os-protetores-bucais-profissionais-sao-iguais-nao\/\" >\n\t\t\t\tTodos os protetores bucais profissionais s\u00e3o iguais? N\u00e3o!\t\t\t<\/a>\n\t\t<\/h3>\n\t\t\t\t<div class=\"elementor-post__excerpt\">\n\t\t\t<p>S\u00f3 os protetores da Keystone Industries importados dos Estados Unidos pela DentalNews apresentam a exclusiva tecnologia PRO-FORM de tripla-prote\u00e7\u00e3o em suas l\u00e2minas. \u00c9 a l\u00e2mina<\/p>\n\t\t<\/div>\n\t\t\t\t<\/div>\n\t\t\t\t<div class=\"elementor-post__meta-data\">\n\t\t\t\t\t<span class=\"elementor-post-date\">\n\t\t\t1 de julho de 2021\t\t<\/span>\n\t\t\t\t<\/div>\n\t\t\t\t\t<\/div>\n\t\t<\/article>\n\t\t\t\t<article class=\"elementor-post elementor-grid-item post-2534 post type-post status-publish format-standard has-post-thumbnail hentry category-blog-cliente\">\n\t\t\t<div class=\"elementor-post__card\">\n\t\t\t\t<a class=\"elementor-post__thumbnail__link\" href=\"https:\/\/dentalnewsbrasil.com.br\/proform\/blog-cliente\/e-caro-fazer-um-protetor-bucal-profissional\/\" ><div class=\"elementor-post__thumbnail\"><img decoding=\"async\" width=\"400\" height=\"267\" src=\"https:\/\/dentalnewsbrasil.com.br\/proform\/wp-content\/uploads\/2021\/07\/piggy-bank-financial-money-problems-PCMESW4-400x267.jpg\" class=\"attachment-medium size-medium wp-image-2560\" alt=\"\" srcset=\"https:\/\/dentalnewsbrasil.com.br\/proform\/wp-content\/uploads\/2021\/07\/piggy-bank-financial-money-problems-PCMESW4-400x267.jpg 400w, https:\/\/dentalnewsbrasil.com.br\/proform\/wp-content\/uploads\/2021\/07\/piggy-bank-financial-money-problems-PCMESW4-1024x683.jpg 1024w, https:\/\/dentalnewsbrasil.com.br\/proform\/wp-content\/uploads\/2021\/07\/piggy-bank-financial-money-problems-PCMESW4-768x512.jpg 768w\" sizes=\"(max-width: 400px) 100vw, 400px\" \/><\/div><\/a>\n\t\t\t\t<div class=\"elementor-post__text\">\n\t\t\t\t<h3 class=\"elementor-post__title\">\n\t\t\t<a href=\"https:\/\/dentalnewsbrasil.com.br\/proform\/blog-cliente\/e-caro-fazer-um-protetor-bucal-profissional\/\" >\n\t\t\t\t\u00c9 caro fazer um protetor bucal profissional?\t\t\t<\/a>\n\t\t<\/h3>\n\t\t\t\t<div class=\"elementor-post__excerpt\">\n\t\t\t<p>O custo de um tratamento para reparar um dente que foi fraturado ou at\u00e9 mesmo perdido pode chegar a 20 vezes mais do que o<\/p>\n\t\t<\/div>\n\t\t\t\t<\/div>\n\t\t\t\t<div class=\"elementor-post__meta-data\">\n\t\t\t\t\t<span class=\"elementor-post-date\">\n\t\t\t1 de julho de 2021\t\t<\/span>\n\t\t\t\t<\/div>\n\t\t\t\t\t<\/div>\n\t\t<\/article>\n\t\t\t\t<article class=\"elementor-post elementor-grid-item post-2532 post type-post status-publish format-standard has-post-thumbnail hentry category-blog-cliente\">\n\t\t\t<div class=\"elementor-post__card\">\n\t\t\t\t<a class=\"elementor-post__thumbnail__link\" href=\"https:\/\/dentalnewsbrasil.com.br\/proform\/blog-cliente\/que-tipos-de-protetores-existem-2\/\" ><div class=\"elementor-post__thumbnail\"><img loading=\"lazy\" decoding=\"async\" width=\"400\" height=\"267\" src=\"https:\/\/dentalnewsbrasil.com.br\/proform\/wp-content\/uploads\/2021\/07\/high-angle-view-of-wristband-and-bottle-on-napkin-NM4VF69-400x267.jpg\" class=\"attachment-medium size-medium wp-image-2555\" alt=\"\" srcset=\"https:\/\/dentalnewsbrasil.com.br\/proform\/wp-content\/uploads\/2021\/07\/high-angle-view-of-wristband-and-bottle-on-napkin-NM4VF69-400x267.jpg 400w, https:\/\/dentalnewsbrasil.com.br\/proform\/wp-content\/uploads\/2021\/07\/high-angle-view-of-wristband-and-bottle-on-napkin-NM4VF69-1024x683.jpg 1024w, https:\/\/dentalnewsbrasil.com.br\/proform\/wp-content\/uploads\/2021\/07\/high-angle-view-of-wristband-and-bottle-on-napkin-NM4VF69-768x512.jpg 768w, https:\/\/dentalnewsbrasil.com.br\/proform\/wp-content\/uploads\/2021\/07\/high-angle-view-of-wristband-and-bottle-on-napkin-NM4VF69-1536x1024.jpg 1536w, https:\/\/dentalnewsbrasil.com.br\/proform\/wp-content\/uploads\/2021\/07\/high-angle-view-of-wristband-and-bottle-on-napkin-NM4VF69-2048x1365.jpg 2048w, https:\/\/dentalnewsbrasil.com.br\/proform\/wp-content\/uploads\/2021\/07\/high-angle-view-of-wristband-and-bottle-on-napkin-NM4VF69-scaled.jpg 2000w\" sizes=\"(max-width: 400px) 100vw, 400px\" \/><\/div><\/a>\n\t\t\t\t<div class=\"elementor-post__text\">\n\t\t\t\t<h3 class=\"elementor-post__title\">\n\t\t\t<a href=\"https:\/\/dentalnewsbrasil.com.br\/proform\/blog-cliente\/que-tipos-de-protetores-existem-2\/\" >\n\t\t\t\tQue tipos de protetores existem?\t\t\t<\/a>\n\t\t<\/h3>\n\t\t\t\t<div class=\"elementor-post__excerpt\">\n\t\t\t<p>Existem diferen\u00e7as entre um protetor comprado em uma loja de artigos esportivos e um profissional confeccionado por um dentista ou t\u00e9cnico em pr\u00f3tese dent\u00e1ria? \u00c9<\/p>\n\t\t<\/div>\n\t\t\t\t<\/div>\n\t\t\t\t<div class=\"elementor-post__meta-data\">\n\t\t\t\t\t<span class=\"elementor-post-date\">\n\t\t\t1 de julho de 2021\t\t<\/span>\n\t\t\t\t<\/div>\n\t\t\t\t\t<\/div>\n\t\t<\/article>\n\t\t\t\t<article class=\"elementor-post elementor-grid-item post-2530 post type-post status-publish format-standard has-post-thumbnail hentry category-blog-cliente\">\n\t\t\t<div class=\"elementor-post__card\">\n\t\t\t\t<a class=\"elementor-post__thumbnail__link\" href=\"https:\/\/dentalnewsbrasil.com.br\/proform\/blog-cliente\/usar-um-protetor-bucal-incomoda-ou-machuca\/\" ><div class=\"elementor-post__thumbnail\"><img loading=\"lazy\" decoding=\"async\" width=\"400\" height=\"267\" src=\"https:\/\/dentalnewsbrasil.com.br\/proform\/wp-content\/uploads\/2021\/07\/young-boxer-winner-U467LM2-400x267.jpg\" class=\"attachment-medium size-medium wp-image-2559\" alt=\"\" srcset=\"https:\/\/dentalnewsbrasil.com.br\/proform\/wp-content\/uploads\/2021\/07\/young-boxer-winner-U467LM2-400x267.jpg 400w, https:\/\/dentalnewsbrasil.com.br\/proform\/wp-content\/uploads\/2021\/07\/young-boxer-winner-U467LM2-1024x683.jpg 1024w, https:\/\/dentalnewsbrasil.com.br\/proform\/wp-content\/uploads\/2021\/07\/young-boxer-winner-U467LM2-768x512.jpg 768w, https:\/\/dentalnewsbrasil.com.br\/proform\/wp-content\/uploads\/2021\/07\/young-boxer-winner-U467LM2-1536x1024.jpg 1536w, https:\/\/dentalnewsbrasil.com.br\/proform\/wp-content\/uploads\/2021\/07\/young-boxer-winner-U467LM2-2048x1365.jpg 2048w, https:\/\/dentalnewsbrasil.com.br\/proform\/wp-content\/uploads\/2021\/07\/young-boxer-winner-U467LM2-scaled.jpg 2000w\" sizes=\"(max-width: 400px) 100vw, 400px\" \/><\/div><\/a>\n\t\t\t\t<div class=\"elementor-post__text\">\n\t\t\t\t<h3 class=\"elementor-post__title\">\n\t\t\t<a href=\"https:\/\/dentalnewsbrasil.com.br\/proform\/blog-cliente\/usar-um-protetor-bucal-incomoda-ou-machuca\/\" >\n\t\t\t\tUsar um protetor bucal incomoda ou machuca?\t\t\t<\/a>\n\t\t<\/h3>\n\t\t\t\t<div class=\"elementor-post__excerpt\">\n\t\t\t<p>N\u00e3o, de forma alguma, o protetor bucal Keystone que \u00e9 importado dos Estados Unidos, confeccionado com as l\u00e2minas PRO-FORM, s\u00e3o fabricados em EVA de grau<\/p>\n\t\t<\/div>\n\t\t\t\t<\/div>\n\t\t\t\t<div class=\"elementor-post__meta-data\">\n\t\t\t\t\t<span class=\"elementor-post-date\">\n\t\t\t1 de julho de 2021\t\t<\/span>\n\t\t\t\t<\/div>\n\t\t\t\t\t<\/div>\n\t\t<\/article>\n\t\t\t\t<article class=\"elementor-post elementor-grid-item post-2518 post type-post status-publish format-standard has-post-thumbnail hentry category-blog-cliente\">\n\t\t\t<div class=\"elementor-post__card\">\n\t\t\t\t<a class=\"elementor-post__thumbnail__link\" href=\"https:\/\/dentalnewsbrasil.com.br\/proform\/blog-cliente\/que-tipos-de-protetores-existem\/\" ><div class=\"elementor-post__thumbnail\"><img loading=\"lazy\" decoding=\"async\" width=\"400\" height=\"267\" src=\"https:\/\/dentalnewsbrasil.com.br\/proform\/wp-content\/uploads\/2021\/07\/smiling-female-karate-fighter-holding-mouthguard-i-63H7ANA-400x267.jpg\" class=\"attachment-medium size-medium wp-image-2557\" alt=\"\" srcset=\"https:\/\/dentalnewsbrasil.com.br\/proform\/wp-content\/uploads\/2021\/07\/smiling-female-karate-fighter-holding-mouthguard-i-63H7ANA-400x267.jpg 400w, https:\/\/dentalnewsbrasil.com.br\/proform\/wp-content\/uploads\/2021\/07\/smiling-female-karate-fighter-holding-mouthguard-i-63H7ANA-1024x683.jpg 1024w, https:\/\/dentalnewsbrasil.com.br\/proform\/wp-content\/uploads\/2021\/07\/smiling-female-karate-fighter-holding-mouthguard-i-63H7ANA-768x513.jpg 768w, https:\/\/dentalnewsbrasil.com.br\/proform\/wp-content\/uploads\/2021\/07\/smiling-female-karate-fighter-holding-mouthguard-i-63H7ANA-1536x1025.jpg 1536w, https:\/\/dentalnewsbrasil.com.br\/proform\/wp-content\/uploads\/2021\/07\/smiling-female-karate-fighter-holding-mouthguard-i-63H7ANA-2048x1367.jpg 2048w, https:\/\/dentalnewsbrasil.com.br\/proform\/wp-content\/uploads\/2021\/07\/smiling-female-karate-fighter-holding-mouthguard-i-63H7ANA-scaled.jpg 2000w\" sizes=\"(max-width: 400px) 100vw, 400px\" \/><\/div><\/a>\n\t\t\t\t<div class=\"elementor-post__text\">\n\t\t\t\t<h3 class=\"elementor-post__title\">\n\t\t\t<a href=\"https:\/\/dentalnewsbrasil.com.br\/proform\/blog-cliente\/que-tipos-de-protetores-existem\/\" >\n\t\t\t\tQue tipos de protetores existem?\t\t\t<\/a>\n\t\t<\/h3>\n\t\t\t\t<div class=\"elementor-post__excerpt\">\n\t\t\t<p>Existem v\u00e1rios tipos de protetores bucais no mercado, desde os pr\u00e9-fabricados ou de estoque at\u00e9 os profissionais personalizados. Eles s\u00e3o classificados (divididos) em tipos. Os<\/p>\n\t\t<\/div>\n\t\t\t\t<\/div>\n\t\t\t\t<div class=\"elementor-post__meta-data\">\n\t\t\t\t\t<span class=\"elementor-post-date\">\n\t\t\t1 de julho de 2021\t\t<\/span>\n\t\t\t\t<\/div>\n\t\t\t\t\t<\/div>\n\t\t<\/article>\n\t\t\t\t<\/div>\n\n\n\t\t\n\t\t\t\t\t\t<\/div>\n\t\t\t\t<\/div>\n\t\t\t\t<div class=\"elementor-element elementor-element-cbcf698 elementor-widget elementor-widget-spacer\" data-id=\"cbcf698\" data-element_type=\"widget\" data-e-type=\"widget\" data-widget_type=\"spacer.default\">\n\t\t\t\t<div class=\"elementor-widget-container\">\n\t\t\t\t\t\t\t<div class=\"elementor-spacer\">\n\t\t\t<div class=\"elementor-spacer-inner\"><\/div>\n\t\t<\/div>\n\t\t\t\t\t\t<\/div>\n\t\t\t\t<\/div>\n\t\t\t\t\t<\/div>\n\t\t<\/div>\n\t\t\t\t\t<\/div>\n\t\t<\/section>\n\t\t\t\t<\/div>\n\t\t","protected":false},"excerpt":{"rendered":"","protected":false},"author":1,"featured_media":2185,"parent":1313,"menu_order":0,"comment_status":"closed","ping_status":"closed","template":"elementor_theme","meta":{"footnotes":""},"class_list":["post-2540","page","type-page","status-publish","has-post-thumbnail","hentry"],"yoast_head":"<!-- This site is optimized with the Yoast SEO plugin v27.2 - https:\/\/yoast.com\/product\/yoast-seo-wordpress\/ -->\n<title>Blog - PRO-FORM<\/title>\n<meta name=\"robots\" content=\"index, follow, max-snippet:-1, max-image-preview:large, max-video-preview:-1\" \/>\n<link rel=\"canonical\" href=\"https:\/\/dentalnewsbrasil.com.br\/proform\/clientes\/blog\/\" \/>\n<meta property=\"og:locale\" content=\"pt_BR\" \/>\n<meta property=\"og:type\" content=\"article\" \/>\n<meta property=\"og:title\" content=\"Blog - PRO-FORM\" \/>\n<meta property=\"og:url\" content=\"https:\/\/dentalnewsbrasil.com.br\/proform\/clientes\/blog\/\" \/>\n<meta property=\"og:site_name\" content=\"PRO-FORM\" \/>\n<meta property=\"article:modified_time\" content=\"2021-07-02T00:15:09+00:00\" \/>\n<meta property=\"og:image\" content=\"https:\/\/dentalnewsbrasil.com.br\/proform\/wp-content\/uploads\/2021\/05\/dentist-dental-assistant-working-digital-tablet_Easy-Resize.com_.jpg\" \/>\n\t<meta property=\"og:image:width\" content=\"1280\" \/>\n\t<meta property=\"og:image:height\" content=\"853\" \/>\n\t<meta property=\"og:image:type\" content=\"image\/jpeg\" \/>\n<meta name=\"twitter:card\" content=\"summary_large_image\" \/>\n<meta name=\"twitter:label1\" content=\"Est. tempo de leitura\" \/>\n\t<meta name=\"twitter:data1\" content=\"1 minuto\" \/>\n<script type=\"application\/ld+json\" class=\"yoast-schema-graph\">{\"@context\":\"https:\/\/schema.org\",\"@graph\":[{\"@type\":\"WebPage\",\"@id\":\"https:\/\/dentalnewsbrasil.com.br\/proform\/clientes\/blog\/\",\"url\":\"https:\/\/dentalnewsbrasil.com.br\/proform\/clientes\/blog\/\",\"name\":\"Blog - PRO-FORM\",\"isPartOf\":{\"@id\":\"https:\/\/dentalnewsbrasil.com.br\/proform\/#website\"},\"primaryImageOfPage\":{\"@id\":\"https:\/\/dentalnewsbrasil.com.br\/proform\/clientes\/blog\/#primaryimage\"},\"image\":{\"@id\":\"https:\/\/dentalnewsbrasil.com.br\/proform\/clientes\/blog\/#primaryimage\"},\"thumbnailUrl\":\"https:\/\/dentalnewsbrasil.com.br\/proform\/wp-content\/uploads\/2021\/05\/dentist-dental-assistant-working-digital-tablet_Easy-Resize.com_.jpg\",\"datePublished\":\"2021-07-02T00:12:02+00:00\",\"dateModified\":\"2021-07-02T00:15:09+00:00\",\"breadcrumb\":{\"@id\":\"https:\/\/dentalnewsbrasil.com.br\/proform\/clientes\/blog\/#breadcrumb\"},\"inLanguage\":\"pt-BR\",\"potentialAction\":[{\"@type\":\"ReadAction\",\"target\":[\"https:\/\/dentalnewsbrasil.com.br\/proform\/clientes\/blog\/\"]}]},{\"@type\":\"ImageObject\",\"inLanguage\":\"pt-BR\",\"@id\":\"https:\/\/dentalnewsbrasil.com.br\/proform\/clientes\/blog\/#primaryimage\",\"url\":\"https:\/\/dentalnewsbrasil.com.br\/proform\/wp-content\/uploads\/2021\/05\/dentist-dental-assistant-working-digital-tablet_Easy-Resize.com_.jpg\",\"contentUrl\":\"https:\/\/dentalnewsbrasil.com.br\/proform\/wp-content\/uploads\/2021\/05\/dentist-dental-assistant-working-digital-tablet_Easy-Resize.com_.jpg\",\"width\":1280,\"height\":853},{\"@type\":\"BreadcrumbList\",\"@id\":\"https:\/\/dentalnewsbrasil.com.br\/proform\/clientes\/blog\/#breadcrumb\",\"itemListElement\":[{\"@type\":\"ListItem\",\"position\":1,\"name\":\"In\u00edcio\",\"item\":\"https:\/\/dentalnewsbrasil.com.br\/proform\/\"},{\"@type\":\"ListItem\",\"position\":2,\"name\":\"Clientes\",\"item\":\"https:\/\/dentalnewsbrasil.com.br\/proform\/\"},{\"@type\":\"ListItem\",\"position\":3,\"name\":\"Blog\"}]},{\"@type\":\"WebSite\",\"@id\":\"https:\/\/dentalnewsbrasil.com.br\/proform\/#website\",\"url\":\"https:\/\/dentalnewsbrasil.com.br\/proform\/\",\"name\":\"PRO-FORM\",\"description\":\"\",\"publisher\":{\"@id\":\"https:\/\/dentalnewsbrasil.com.br\/proform\/#organization\"},\"potentialAction\":[{\"@type\":\"SearchAction\",\"target\":{\"@type\":\"EntryPoint\",\"urlTemplate\":\"https:\/\/dentalnewsbrasil.com.br\/proform\/?s={search_term_string}\"},\"query-input\":{\"@type\":\"PropertyValueSpecification\",\"valueRequired\":true,\"valueName\":\"search_term_string\"}}],\"inLanguage\":\"pt-BR\"},{\"@type\":\"Organization\",\"@id\":\"https:\/\/dentalnewsbrasil.com.br\/proform\/#organization\",\"name\":\"PRO-FORM\",\"url\":\"https:\/\/dentalnewsbrasil.com.br\/proform\/\",\"logo\":{\"@type\":\"ImageObject\",\"inLanguage\":\"pt-BR\",\"@id\":\"https:\/\/dentalnewsbrasil.com.br\/proform\/#\/schema\/logo\/image\/\",\"url\":\"https:\/\/dentalnewsbrasil.com.br\/proform\/wp-content\/uploads\/2021\/05\/marca-2.jpg\",\"contentUrl\":\"https:\/\/dentalnewsbrasil.com.br\/proform\/wp-content\/uploads\/2021\/05\/marca-2.jpg\",\"width\":362,\"height\":90,\"caption\":\"PRO-FORM\"},\"image\":{\"@id\":\"https:\/\/dentalnewsbrasil.com.br\/proform\/#\/schema\/logo\/image\/\"}}]}<\/script>\n<!-- \/ Yoast SEO plugin. -->","yoast_head_json":{"title":"Blog - PRO-FORM","robots":{"index":"index","follow":"follow","max-snippet":"max-snippet:-1","max-image-preview":"max-image-preview:large","max-video-preview":"max-video-preview:-1"},"canonical":"https:\/\/dentalnewsbrasil.com.br\/proform\/clientes\/blog\/","og_locale":"pt_BR","og_type":"article","og_title":"Blog - PRO-FORM","og_url":"https:\/\/dentalnewsbrasil.com.br\/proform\/clientes\/blog\/","og_site_name":"PRO-FORM","article_modified_time":"2021-07-02T00:15:09+00:00","og_image":[{"width":1280,"height":853,"url":"https:\/\/dentalnewsbrasil.com.br\/proform\/wp-content\/uploads\/2021\/05\/dentist-dental-assistant-working-digital-tablet_Easy-Resize.com_.jpg","type":"image\/jpeg"}],"twitter_card":"summary_large_image","twitter_misc":{"Est. tempo de leitura":"1 minuto"},"schema":{"@context":"https:\/\/schema.org","@graph":[{"@type":"WebPage","@id":"https:\/\/dentalnewsbrasil.com.br\/proform\/clientes\/blog\/","url":"https:\/\/dentalnewsbrasil.com.br\/proform\/clientes\/blog\/","name":"Blog - PRO-FORM","isPartOf":{"@id":"https:\/\/dentalnewsbrasil.com.br\/proform\/#website"},"primaryImageOfPage":{"@id":"https:\/\/dentalnewsbrasil.com.br\/proform\/clientes\/blog\/#primaryimage"},"image":{"@id":"https:\/\/dentalnewsbrasil.com.br\/proform\/clientes\/blog\/#primaryimage"},"thumbnailUrl":"https:\/\/dentalnewsbrasil.com.br\/proform\/wp-content\/uploads\/2021\/05\/dentist-dental-assistant-working-digital-tablet_Easy-Resize.com_.jpg","datePublished":"2021-07-02T00:12:02+00:00","dateModified":"2021-07-02T00:15:09+00:00","breadcrumb":{"@id":"https:\/\/dentalnewsbrasil.com.br\/proform\/clientes\/blog\/#breadcrumb"},"inLanguage":"pt-BR","potentialAction":[{"@type":"ReadAction","target":["https:\/\/dentalnewsbrasil.com.br\/proform\/clientes\/blog\/"]}]},{"@type":"ImageObject","inLanguage":"pt-BR","@id":"https:\/\/dentalnewsbrasil.com.br\/proform\/clientes\/blog\/#primaryimage","url":"https:\/\/dentalnewsbrasil.com.br\/proform\/wp-content\/uploads\/2021\/05\/dentist-dental-assistant-working-digital-tablet_Easy-Resize.com_.jpg","contentUrl":"https:\/\/dentalnewsbrasil.com.br\/proform\/wp-content\/uploads\/2021\/05\/dentist-dental-assistant-working-digital-tablet_Easy-Resize.com_.jpg","width":1280,"height":853},{"@type":"BreadcrumbList","@id":"https:\/\/dentalnewsbrasil.com.br\/proform\/clientes\/blog\/#breadcrumb","itemListElement":[{"@type":"ListItem","position":1,"name":"In\u00edcio","item":"https:\/\/dentalnewsbrasil.com.br\/proform\/"},{"@type":"ListItem","position":2,"name":"Clientes","item":"https:\/\/dentalnewsbrasil.com.br\/proform\/"},{"@type":"ListItem","position":3,"name":"Blog"}]},{"@type":"WebSite","@id":"https:\/\/dentalnewsbrasil.com.br\/proform\/#website","url":"https:\/\/dentalnewsbrasil.com.br\/proform\/","name":"PRO-FORM","description":"","publisher":{"@id":"https:\/\/dentalnewsbrasil.com.br\/proform\/#organization"},"potentialAction":[{"@type":"SearchAction","target":{"@type":"EntryPoint","urlTemplate":"https:\/\/dentalnewsbrasil.com.br\/proform\/?s={search_term_string}"},"query-input":{"@type":"PropertyValueSpecification","valueRequired":true,"valueName":"search_term_string"}}],"inLanguage":"pt-BR"},{"@type":"Organization","@id":"https:\/\/dentalnewsbrasil.com.br\/proform\/#organization","name":"PRO-FORM","url":"https:\/\/dentalnewsbrasil.com.br\/proform\/","logo":{"@type":"ImageObject","inLanguage":"pt-BR","@id":"https:\/\/dentalnewsbrasil.com.br\/proform\/#\/schema\/logo\/image\/","url":"https:\/\/dentalnewsbrasil.com.br\/proform\/wp-content\/uploads\/2021\/05\/marca-2.jpg","contentUrl":"https:\/\/dentalnewsbrasil.com.br\/proform\/wp-content\/uploads\/2021\/05\/marca-2.jpg","width":362,"height":90,"caption":"PRO-FORM"},"image":{"@id":"https:\/\/dentalnewsbrasil.com.br\/proform\/#\/schema\/logo\/image\/"}}]}},"_links":{"self":[{"href":"https:\/\/dentalnewsbrasil.com.br\/proform\/wp-json\/wp\/v2\/pages\/2540","targetHints":{"allow":["GET"]}}],"collection":[{"href":"https:\/\/dentalnewsbrasil.com.br\/proform\/wp-json\/wp\/v2\/pages"}],"about":[{"href":"https:\/\/dentalnewsbrasil.com.br\/proform\/wp-json\/wp\/v2\/types\/page"}],"author":[{"embeddable":true,"href":"https:\/\/dentalnewsbrasil.com.br\/proform\/wp-json\/wp\/v2\/users\/1"}],"replies":[{"embeddable":true,"href":"https:\/\/dentalnewsbrasil.com.br\/proform\/wp-json\/wp\/v2\/comments?post=2540"}],"version-history":[{"count":0,"href":"https:\/\/dentalnewsbrasil.com.br\/proform\/wp-json\/wp\/v2\/pages\/2540\/revisions"}],"up":[{"embeddable":true,"href":"https:\/\/dentalnewsbrasil.com.br\/proform\/wp-json\/wp\/v2\/pages\/1313"}],"wp:featuredmedia":[{"embeddable":true,"href":"https:\/\/dentalnewsbrasil.com.br\/proform\/wp-json\/wp\/v2\/media\/2185"}],"wp:attachment":[{"href":"https:\/\/dentalnewsbrasil.com.br\/proform\/wp-json\/wp\/v2\/media?parent=2540"}],"curies":[{"name":"wp","href":"https:\/\/api.w.org\/{rel}","templated":true}]}}